{"id":635,"date":"2023-04-05T19:41:05","date_gmt":"2023-04-05T19:41:05","guid":{"rendered":"https:\/\/kinderhaus-mariposa.org\/?page_id=635"},"modified":"2023-04-05T19:53:45","modified_gmt":"2023-04-05T19:53:45","slug":"datenschutzerklaerung","status":"publish","type":"page","link":"https:\/\/kinderhaus-mariposa.org\/es\/datenschutzerklaerung\/","title":{"rendered":"Pol\u00edtica de privacidad"},"content":{"rendered":"<div id=\"data-p-container\">\n    <a href=\"\/es\/\" class=\"link question\"><div>ZUR\u00dcCK ZUR STARTZEITE<\/div><\/a>\n    \n    <h3>I. Information \u00fcber die Erhebung personenbezogener Daten<\/h3>\n    <p>1. Im Folgenden informieren wir \u00fcber die Erhebung personenbezogener Daten bei Nutzung unserer Website. Personenbezogene Daten sind alle Daten, die auf Sie pers\u00f6nlich beziehbar sind, z. B. Name, Adresse, E-Mail-Adressen, Nutzerverhalten.<\/p><br\/>\n    <p>2. Verantwortlicher gem. Art. 4 Abs. 7 EU-Datenschutz-Grundverordnung (DS-GVO) ist die Elterninitiative Kinderhaus Mariposa e.V., Heubergstrasse 31, 81825 M\u00fcnchen, E-Mail: <a href=\"mailto:contacto@kindergarten-mariposa.org\"><span class=\"question link\">CONTACTO@KINDERGARTEN-MARIPOSA.ORG<\/span><\/a><\/p><br\/>\n    <p>3. Bei Ihrer Kontaktaufnahme mit uns per E-Mail oder \u00fcber ein Kontaktformular werden die von Ihnen mitgeteilten Daten (etwa Ihre E-Mail-Adresse, ggf. weitere Angaben wie bspw. Ihr Name und Ihre Telefonnummer) von uns gespeichert, um Ihre Anliegen zu beantworten. Die in diesem Zusammenhang anfallenden Daten l\u00f6schen wir, nachdem die Speicherung nicht mehr erforderlich ist, oder schr\u00e4nken die Verarbeitung ein, falls gesetzliche Aufbewahrungspflichten bestehen.<\/p><br\/>\n    <h3>II. Ihre Rechte<\/h3>\n    <p>1. Sie haben gegen\u00fcber uns folgende Rechte hinsichtlich der Sie betreffenden personenbezogenen Daten:<\/p>\n    <ul>\n        <li>Recht auf Auskunft<\/li>\n        <li>Recht auf Berichtigung oder L\u00f6schung<\/li>\n        <li>Recht auf Einschr\u00e4nkung der Verarbeitung<\/li>\n        <li>Recht auf Widerspruch gegen die Verarbeitung<\/li>\n        <li>Recht auf Daten\u00fcbertragbarkeit<\/li>\n    <\/ul>\n\n    <p>2. Sie haben zudem das Recht, sich bei einer Datenschutz-Aufsichtsbeh\u00f6rde \u00fcber die Verarbeitung Ihrer personenbezogenen Daten durch uns zu beschweren.<\/p><br\/>\n\n    <h3>III. Erhebung personenbezogener Daten bei Besuch unserer Website<\/h3>\n    <p>1. Bei der Nutzung unser Website speichern wir keine personenbezogenen Daten.<\/p><br\/>\n    <p>2. Es werde keine Cookies auf dieser Seite eigesetzt.<\/p><br\/>\n\n    <h3>IV. Widerspruch oder Widerruf gegen die Verarbeitung Ihrer Daten<\/h3>\n    <p>1.Falls Sie eine Einwilligung zur Verarbeitung Ihrer Daten erteilt haben, k\u00f6nnen Sie diese jederzeit widerrufen.<\/p><br\/>\n    <p>2. Soweit wir die Verarbeitung Ihrer personenbezogenen Daten auf die Interessenabw\u00e4gung st\u00fctzen, k\u00f6nnen Sie Widerspruch gegen die Verarbeitung einlegen. Dies ist der Fall, wenn die Verarbeitung insbesondere nicht zur Erf\u00fcllung eines Vertrags mit Ihnen erforderlich ist, was von uns jeweils bei der nachfolgenden Beschreibung der Funktionen dargestellt wird. Bei Aus\u00fcbung eines solchen Widerspruchs bitten wir um Darlegung der Gr\u00fcnde, weshalb wir Ihre personenbezogenen Daten nicht wie von uns durchgef\u00fchrt verarbeiten sollten. Im Falle Ihres begr\u00fcndeten Widerspruchs pr\u00fcfen wir die Sachlage und werden entweder die Datenverarbeitung einstellen bzw. anpassen oder Ihnen unsere zwingenden schutzw\u00fcrdigen Gr\u00fcnde aufzeigen, aufgrund derer wir die Verarbeitung fortf\u00fchren.<\/p><br\/>\n\n    <h3>V. \u00c4nderung dieser Datenschutzerkl\u00e4rung<\/h3>\n    <p>Durch die Weiterentwicklung unserer Website und Angebote dar\u00fcber oder aufgrund ge\u00e4nderter gesetzlicher beziehungsweise beh\u00f6rdlicher Vorgaben kann es notwendig werden, diese Datenschutzerkl\u00e4rung zu \u00e4ndern. Die jeweils aktuelle Datenschutzerkl\u00e4rung kann jederzeit auf der Website von Ihnen abgerufen und ausgedruckt werden.<\/p><br\/>\n    <a href=\"\/es\/\" class=\"link question\"><div>Zur\u00fcck zur Startseite<\/div><\/a>\n<\/div>","protected":false},"excerpt":{"rendered":"<p>ZUR\u00dcCK ZUR STARTZEITE I. Information \u00fcber die Erhebung personenbezogener Daten 1. Im Folgenden informieren wir \u00fcber die Erhebung personenbezogener Daten bei Nutzung unserer Website. Personenbezogene Daten sind alle Daten, die auf Sie pers\u00f6nlich beziehbar sind, z. B. Name, Adresse, E-Mail-Adressen, Nutzerverhalten. 2. Verantwortlicher gem. Art. 4 Abs. 7 EU-Datenschutz-Grundverordnung (DS-GVO) ist die Elterninitiative Kinderhaus Mariposa [&hellip;]<\/p>\n","protected":false},"author":2,"featured_media":0,"parent":0,"menu_order":0,"comment_status":"closed","ping_status":"closed","template":"","meta":{"footnotes":""},"class_list":["post-635","page","type-page","status-publish","hentry"],"_links":{"self":[{"href":"https:\/\/kinderhaus-mariposa.org\/es\/wp-json\/wp\/v2\/pages\/635","targetHints":{"allow":["GET"]}}],"collection":[{"href":"https:\/\/kinderhaus-mariposa.org\/es\/wp-json\/wp\/v2\/pages"}],"about":[{"href":"https:\/\/kinderhaus-mariposa.org\/es\/wp-json\/wp\/v2\/types\/page"}],"author":[{"embeddable":true,"href":"https:\/\/kinderhaus-mariposa.org\/es\/wp-json\/wp\/v2\/users\/2"}],"replies":[{"embeddable":true,"href":"https:\/\/kinderhaus-mariposa.org\/es\/wp-json\/wp\/v2\/comments?post=635"}],"version-history":[{"count":8,"href":"https:\/\/kinderhaus-mariposa.org\/es\/wp-json\/wp\/v2\/pages\/635\/revisions"}],"predecessor-version":[{"id":644,"href":"https:\/\/kinderhaus-mariposa.org\/es\/wp-json\/wp\/v2\/pages\/635\/revisions\/644"}],"wp:attachment":[{"href":"https:\/\/kinderhaus-mariposa.org\/es\/wp-json\/wp\/v2\/media?parent=635"}],"curies":[{"name":"wp","href":"https:\/\/api.w.org\/{rel}","templated":true}]}}